{"id":7299,"date":"2024-05-28T10:16:40","date_gmt":"2024-05-28T07:16:40","guid":{"rendered":"https:\/\/greenlab.fi\/?post_type=product&#038;p=7299"},"modified":"2026-02-13T12:31:53","modified_gmt":"2026-02-13T10:31:53","slug":"planetary-gear-pf80-3-p2s2op1-19x55-95-115m8","status":"publish","type":"product","link":"https:\/\/greenlab.fi\/en\/product\/planetary-gear-pf80-3-p2s2op1-19x55-95-115m8\/","title":{"rendered":"Planetary Gear PF80-3-P2S2OP1-19&#215;55-95-115M8"},"content":{"rendered":"<ul>\n<li>i = 3<\/li>\n<li>Sis\u00e4\u00e4ntulo:\n<ul>\n<li>Keskityskeh\u00e4: 70 mm<\/li>\n<li>Kiinnitys 4x M5 PCD 90mm<\/li>\n<li>Reik\u00e4 akselille 19mm<\/li>\n<\/ul>\n<\/li>\n<li>Ulostulo:\n<ul>\n<li>Keskityskeh\u00e4: 80mm<\/li>\n<li>Kiinnitysrei\u00e4t 6,5mm PCD 100 mm<\/li>\n<li>20mm akseli 6mm kiilalla<\/li>\n<\/ul>\n<\/li>\n<li>Compatibility e.g: Omron, Delta 1000W<\/li>\n<\/ul>\n","protected":false},"excerpt":{"rendered":"<p>i = 3 Sis\u00e4\u00e4ntulo: Keskityskeh\u00e4: 70 mm Kiinnitys 4x M5 PCD 90mm Reik\u00e4 akselille 19mm Ulostulo: Keskityskeh\u00e4: 80mm Kiinnitysrei\u00e4t 6,5mm PCD 100 mm 20mm akseli 6mm kiilalla Compatibility e.g: Omron, Delta 1000W<\/p>\n","protected":false},"featured_media":4520,"template":"","meta":{"_acf_changed":false},"product_brand":[],"product_cat":[532,596],"product_tag":[],"class_list":{"0":"post-7299","1":"product","2":"type-product","3":"status-publish","4":"has-post-thumbnail","6":"product_cat-gears","7":"product_cat-flanged-pf","9":"first","10":"instock","11":"taxable","12":"shipping-taxable","13":"purchasable","14":"product-type-simple"},"acf":[],"wcpa_form_fields":null,"_links":{"self":[{"href":"https:\/\/greenlab.fi\/en\/wp-json\/wp\/v2\/product\/7299","targetHints":{"allow":["GET"]}}],"collection":[{"href":"https:\/\/greenlab.fi\/en\/wp-json\/wp\/v2\/product"}],"about":[{"href":"https:\/\/greenlab.fi\/en\/wp-json\/wp\/v2\/types\/product"}],"wp:featuredmedia":[{"embeddable":true,"href":"https:\/\/greenlab.fi\/en\/wp-json\/wp\/v2\/media\/4520"}],"wp:attachment":[{"href":"https:\/\/greenlab.fi\/en\/wp-json\/wp\/v2\/media?parent=7299"}],"wp:term":[{"taxonomy":"product_brand","embeddable":true,"href":"https:\/\/greenlab.fi\/en\/wp-json\/wp\/v2\/product_brand?post=7299"},{"taxonomy":"product_cat","embeddable":true,"href":"https:\/\/greenlab.fi\/en\/wp-json\/wp\/v2\/product_cat?post=7299"},{"taxonomy":"product_tag","embeddable":true,"href":"https:\/\/greenlab.fi\/en\/wp-json\/wp\/v2\/product_tag?post=7299"}],"curies":[{"name":"wp","href":"https:\/\/api.w.org\/{rel}","templated":true}]}}